{"id":3590,"date":"2022-04-26T15:00:17","date_gmt":"2022-04-26T13:00:17","guid":{"rendered":"https:\/\/www.schuetzenhof-jever.de\/banen"},"modified":"2023-12-19T11:00:36","modified_gmt":"2023-12-19T10:00:36","slug":"banen","status":"publish","type":"page","link":"https:\/\/www.schuetzenhof-jever.de\/nl\/banen","title":{"rendered":"Banen"},"content":{"rendered":"\t\t<div data-elementor-type=\"wp-page\" data-elementor-id=\"3590\" class=\"elementor elementor-3590 elementor-149\" data-elementor-post-type=\"page\">\n\t\t\t\t\t\t<section class=\"elementor-section elementor-top-section elementor-element elementor-element-5f79afc6 elementor-section-height-min-height elementor-section-items-stretch elementor-section-boxed elementor-section-height-default\" data-id=\"5f79afc6\" data-element_type=\"section\" data-e-type=\"section\">\n\t\t\t\t\t\t\t<div class=\"elementor-background-overlay\"><\/div>\n\t\t\t\t\t\t\t<div class=\"elementor-container elementor-column-gap-no\">\n\t\t\t\t\t<div class=\"elementor-column elementor-col-100 elementor-top-column elementor-element elementor-element-4e8ccb9b\" data-id=\"4e8ccb9b\" data-element_type=\"column\" data-e-type=\"column\" data-settings=\"{&quot;background_background&quot;:&quot;classic&quot;}\">\n\t\t\t<div class=\"elementor-widget-wrap elementor-element-populated\">\n\t\t\t\t\t<div class=\"elementor-background-overlay\"><\/div>\n\t\t\t\t\t\t<div class=\"elementor-element elementor-element-6f4c297e elementor-widget elementor-widget-heading\" data-id=\"6f4c297e\" data-element_type=\"widget\" data-e-type=\"widget\" data-widget_type=\"heading.default\">\n\t\t\t\t<div class=\"elementor-widget-container\">\n\t\t\t\t\t<h1 class=\"elementor-heading-title elementor-size-default\">Banen<\/h1>\t\t\t\t<\/div>\n\t\t\t\t<\/div>\n\t\t\t\t<div class=\"elementor-element elementor-element-5521fe22 elementor-widget elementor-widget-text-editor\" data-id=\"5521fe22\" data-element_type=\"widget\" data-e-type=\"widget\" data-widget_type=\"text-editor.default\">\n\t\t\t\t<div class=\"elementor-widget-container\">\n\t\t\t\t\t\t\t\t\t<p>Wij zijn altijd op zoek naar gekwalificeerde, teamgerichte medewerkers. Samen kunnen we op lange termijn succesvol zijn en onze visie verwezenlijken. Wij zijn op zoek naar zowel ervaren professionals als stagiairs die hun professionele leven bij ons willen beginnen.<\/p>\t\t\t\t\t\t\t\t<\/div>\n\t\t\t\t<\/div>\n\t\t\t\t\t<\/div>\n\t\t<\/div>\n\t\t\t\t\t<\/div>\n\t\t<\/section>\n\t\t\t\t<section class=\"elementor-section elementor-top-section elementor-element elementor-element-63ca0e1d elementor-section-boxed elementor-section-height-default elementor-section-height-default\" data-id=\"63ca0e1d\" data-element_type=\"section\" data-e-type=\"section\">\n\t\t\t\t\t\t<div class=\"elementor-container elementor-column-gap-no\">\n\t\t\t\t\t<div class=\"elementor-column elementor-col-100 elementor-top-column elementor-element elementor-element-2efb1d6e\" data-id=\"2efb1d6e\" data-element_type=\"column\" data-e-type=\"column\">\n\t\t\t<div class=\"elementor-widget-wrap elementor-element-populated\">\n\t\t\t\t\t\t<div class=\"elementor-element elementor-element-6a4d40a4 elementor-widget elementor-widget-heading\" data-id=\"6a4d40a4\" data-element_type=\"widget\" data-e-type=\"widget\" data-widget_type=\"heading.default\">\n\t\t\t\t<div class=\"elementor-widget-container\">\n\t\t\t\t\t<h2 class=\"elementor-heading-title elementor-size-default\">Wonen en werken op de Sch\u00fctzenhof<\/h2>\t\t\t\t<\/div>\n\t\t\t\t<\/div>\n\t\t\t\t<div class=\"elementor-element elementor-element-2829c6ee elementor-widget elementor-widget-text-editor\" data-id=\"2829c6ee\" data-element_type=\"widget\" data-e-type=\"widget\" data-widget_type=\"text-editor.default\">\n\t\t\t\t<div class=\"elementor-widget-container\">\n\t\t\t\t\t\t\t\t\t<p>Wij blijven groeien en zijn altijd op zoek naar professionele en vriendelijke mensen die hun vak verstaan. Onze claim is een upscale, traditiebewuste Friese en internationale keuken. Ons hotel heeft 214 bedden.  <em>De<\/em> evenementenhal in de regio hoort bij ons huis.  <\/p><p>Maak deel uit van een succesvol team!<\/p>\t\t\t\t\t\t\t\t<\/div>\n\t\t\t\t<\/div>\n\t\t\t\t\t<\/div>\n\t\t<\/div>\n\t\t\t\t\t<\/div>\n\t\t<\/section>\n\t\t\t\t<section class=\"elementor-section elementor-top-section elementor-element elementor-element-1e07ecbe elementor-section-height-min-height elementor-section-items-top elementor-section-boxed elementor-section-height-default\" data-id=\"1e07ecbe\" data-element_type=\"section\" data-e-type=\"section\" data-settings=\"{&quot;background_background&quot;:&quot;classic&quot;}\">\n\t\t\t\t\t\t<div class=\"elementor-container elementor-column-gap-no\">\n\t\t\t\t\t<div class=\"elementor-column elementor-col-50 elementor-top-column elementor-element elementor-element-7b5cb800\" data-id=\"7b5cb800\" data-element_type=\"column\" data-e-type=\"column\" data-settings=\"{&quot;background_background&quot;:&quot;classic&quot;}\">\n\t\t\t<div class=\"elementor-widget-wrap elementor-element-populated\">\n\t\t\t\t\t\t<div class=\"elementor-element elementor-element-1f2e8a2 elementor-cta--skin-classic elementor-animated-content elementor-bg-transform elementor-bg-transform-zoom-in elementor-widget elementor-widget-call-to-action\" data-id=\"1f2e8a2\" data-element_type=\"widget\" data-e-type=\"widget\" data-widget_type=\"call-to-action.default\">\n\t\t\t\t<div class=\"elementor-widget-container\">\n\t\t\t\t\t\t\t<div class=\"elementor-cta\">\n\t\t\t\t\t<div class=\"elementor-cta__bg-wrapper\">\n\t\t\t\t<div class=\"elementor-cta__bg elementor-bg\" style=\"background-image: url(https:\/\/www.schuetzenhof-jever.de\/wp-content\/uploads\/2022\/05\/P5I0561_60_59_58_57_56_55_HDR-projects-2-1024x683.jpg);\" role=\"img\" aria-label=\"_P5I0561_60_59_58_57_56_55_HDR projects-2\"><\/div>\n\t\t\t\t<div class=\"elementor-cta__bg-overlay\"><\/div>\n\t\t\t<\/div>\n\t\t\t\t\t\t\t<div class=\"elementor-cta__content\">\n\t\t\t\t\n\t\t\t\t\t\t\t\t\t<h2 class=\"elementor-cta__title elementor-cta__content-item elementor-content-item\">\n\t\t\t\t\t\tPersoneel ontbijtservice\t\t\t\t\t<\/h2>\n\t\t\t\t\n\t\t\t\t\t\t\t\t\t<div class=\"elementor-cta__description elementor-cta__content-item elementor-content-item\">\n\t\t\t\t\t\t(m\/v\/d) Voltijds en deeltijds\t\t\t\t\t<\/div>\n\t\t\t\t\n\t\t\t\t\t\t\t\t\t<div class=\"elementor-cta__button-wrapper elementor-cta__content-item elementor-content-item \">\n\t\t\t\t\t<a class=\"elementor-cta__button elementor-button elementor-size-\" href=\"https:\/\/www.schuetzenhof-jever.de\/anreise-kontakt\">\n\t\t\t\t\t\tSolliciteer hier\t\t\t\t\t<\/a>\n\t\t\t\t\t<\/div>\n\t\t\t\t\t\t\t<\/div>\n\t\t\t\t\t\t<\/div>\n\t\t\t\t\t\t<\/div>\n\t\t\t\t<\/div>\n\t\t\t\t\t<\/div>\n\t\t<\/div>\n\t\t\t\t<div class=\"elementor-column elementor-col-50 elementor-top-column elementor-element elementor-element-134f26b8\" data-id=\"134f26b8\" data-element_type=\"column\" data-e-type=\"column\">\n\t\t\t<div class=\"elementor-widget-wrap elementor-element-populated\">\n\t\t\t\t\t\t<div class=\"elementor-element elementor-element-228bd795 liste elementor-widget elementor-widget-text-editor\" data-id=\"228bd795\" data-element_type=\"widget\" data-e-type=\"widget\" data-widget_type=\"text-editor.default\">\n\t\t\t\t<div class=\"elementor-widget-container\">\n\t\t\t\t\t\t\t\t\t<p>We blijven groeien en zijn op zoek naar werknemers voor onze ontbijtservice in vol- en deeltijd.<\/p><p><strong>Dit is wat je mee moet nemen:<\/strong><\/p><ul><li>Service-ervaring<\/li><li>Veerkracht<\/li><li>Plezier in de omgang met mensen<\/li><li>Vriendelijk charisma<\/li><li>Je bent geen ochtendmens<br><br><\/li><\/ul><p><strong>Wij bieden:<\/strong><\/p><ul><li>30 vakantiedagen per jaar<\/li><li>Eerlijke betaling<\/li><li>Gereguleerde werktijden van &#8230; om&#8230;<\/li><\/ul><p><br>Heb je interesse? Neem dan contact op met uw aanvraagdocumenten via het contactformulier. We kijken uit naar uw sollicitatie!<\/p>\t\t\t\t\t\t\t\t<\/div>\n\t\t\t\t<\/div>\n\t\t\t\t\t<\/div>\n\t\t<\/div>\n\t\t\t\t\t<\/div>\n\t\t<\/section>\n\t\t\t\t<section class=\"elementor-section elementor-top-section elementor-element elementor-element-ebccca4 elementor-section-boxed elementor-section-height-default elementor-section-height-default\" data-id=\"ebccca4\" data-element_type=\"section\" data-e-type=\"section\">\n\t\t\t\t\t\t<div class=\"elementor-container elementor-column-gap-default\">\n\t\t\t\t\t<div class=\"elementor-column elementor-col-100 elementor-top-column elementor-element elementor-element-81ef608\" data-id=\"81ef608\" data-element_type=\"column\" data-e-type=\"column\">\n\t\t\t<div class=\"elementor-widget-wrap elementor-element-populated\">\n\t\t\t\t\t\t<div class=\"elementor-element elementor-element-9d7de1c elementor-widget elementor-widget-spacer\" data-id=\"9d7de1c\" data-element_type=\"widget\" data-e-type=\"widget\" data-widget_type=\"spacer.default\">\n\t\t\t\t<div class=\"elementor-widget-container\">\n\t\t\t\t\t\t\t<div class=\"elementor-spacer\">\n\t\t\t<div class=\"elementor-spacer-inner\"><\/div>\n\t\t<\/div>\n\t\t\t\t\t\t<\/div>\n\t\t\t\t<\/div>\n\t\t\t\t\t<\/div>\n\t\t<\/div>\n\t\t\t\t\t<\/div>\n\t\t<\/section>\n\t\t\t\t<section class=\"elementor-section elementor-top-section elementor-element elementor-element-6acdbde9 elementor-section-height-min-height elementor-section-items-top elementor-section-boxed elementor-section-height-default\" data-id=\"6acdbde9\" data-element_type=\"section\" data-e-type=\"section\" data-settings=\"{&quot;background_background&quot;:&quot;classic&quot;}\">\n\t\t\t\t\t\t<div class=\"elementor-container elementor-column-gap-no\">\n\t\t\t\t\t<div class=\"elementor-column elementor-col-50 elementor-top-column elementor-element elementor-element-f911042\" data-id=\"f911042\" data-element_type=\"column\" data-e-type=\"column\" data-settings=\"{&quot;background_background&quot;:&quot;classic&quot;}\">\n\t\t\t<div class=\"elementor-widget-wrap elementor-element-populated\">\n\t\t\t\t\t\t<div class=\"elementor-element elementor-element-57f57a3 elementor-cta--skin-classic elementor-animated-content elementor-bg-transform elementor-bg-transform-zoom-in elementor-widget elementor-widget-call-to-action\" data-id=\"57f57a3\" data-element_type=\"widget\" data-e-type=\"widget\" data-widget_type=\"call-to-action.default\">\n\t\t\t\t<div class=\"elementor-widget-container\">\n\t\t\t\t\t\t\t<div class=\"elementor-cta\">\n\t\t\t\t\t<div class=\"elementor-cta__bg-wrapper\">\n\t\t\t\t<div class=\"elementor-cta__bg elementor-bg\" style=\"background-image: url(https:\/\/www.schuetzenhof-jever.de\/wp-content\/uploads\/2022\/05\/Schuetzenhof18-37ad0976-1024x640.jpeg);\" role=\"img\" aria-label=\"Schuetzenhof18-37ad0976\"><\/div>\n\t\t\t\t<div class=\"elementor-cta__bg-overlay\"><\/div>\n\t\t\t<\/div>\n\t\t\t\t\t\t\t<div class=\"elementor-cta__content\">\n\t\t\t\t\n\t\t\t\t\t\t\t\t\t<h2 class=\"elementor-cta__title elementor-cta__content-item elementor-content-item\">\n\t\t\t\t\t\tService medewerker\t\t\t\t\t<\/h2>\n\t\t\t\t\n\t\t\t\t\t\t\t\t\t<div class=\"elementor-cta__description elementor-cta__content-item elementor-content-item\">\n\t\t\t\t\t\t(m\/v\/d) Voltijds en deeltijds\t\t\t\t\t<\/div>\n\t\t\t\t\n\t\t\t\t\t\t\t\t\t<div class=\"elementor-cta__button-wrapper elementor-cta__content-item elementor-content-item \">\n\t\t\t\t\t<a class=\"elementor-cta__button elementor-button elementor-size-\" href=\"https:\/\/www.schuetzenhof-jever.de\/anreise-kontakt\">\n\t\t\t\t\t\tSolliciteer hier\t\t\t\t\t<\/a>\n\t\t\t\t\t<\/div>\n\t\t\t\t\t\t\t<\/div>\n\t\t\t\t\t\t<\/div>\n\t\t\t\t\t\t<\/div>\n\t\t\t\t<\/div>\n\t\t\t\t\t<\/div>\n\t\t<\/div>\n\t\t\t\t<div class=\"elementor-column elementor-col-50 elementor-top-column elementor-element elementor-element-566fe8bf\" data-id=\"566fe8bf\" data-element_type=\"column\" data-e-type=\"column\">\n\t\t\t<div class=\"elementor-widget-wrap elementor-element-populated\">\n\t\t\t\t\t\t<div class=\"elementor-element elementor-element-3e26ad21 liste elementor-widget elementor-widget-text-editor\" data-id=\"3e26ad21\" data-element_type=\"widget\" data-e-type=\"widget\" data-widget_type=\"text-editor.default\">\n\t\t\t\t<div class=\"elementor-widget-container\">\n\t\t\t\t\t\t\t\t\t<p>Wij blijven groeien en zijn op zoek naar werknemers voor onze dienst in vol- en deeltijd.<\/p><p><strong>Dit is wat je mee moet nemen:<\/strong><\/p><ul><li>Service-ervaring<\/li><li>Veerkracht<\/li><li>Plezier in de omgang met mensen<\/li><li>Vriendelijk charisma<br><br><\/li><\/ul><p><strong>Wij bieden:<\/strong><\/p><ul><li>30 vakantiedagen per jaar<\/li><li>Eerlijke betaling<\/li><li>Gereguleerde werktijden van &#8230; om&#8230;<\/li><\/ul><p>Heb je interesse? Neem dan contact op met uw aanvraagdocumenten via het contactformulier. We kijken uit naar uw sollicitatie!<\/p>\t\t\t\t\t\t\t\t<\/div>\n\t\t\t\t<\/div>\n\t\t\t\t\t<\/div>\n\t\t<\/div>\n\t\t\t\t\t<\/div>\n\t\t<\/section>\n\t\t\t\t<section class=\"elementor-section elementor-top-section elementor-element elementor-element-12ebdbac elementor-section-boxed elementor-section-height-default elementor-section-height-default\" data-id=\"12ebdbac\" data-element_type=\"section\" data-e-type=\"section\">\n\t\t\t\t\t\t<div class=\"elementor-container elementor-column-gap-no\">\n\t\t\t\t\t<div class=\"elementor-column elementor-col-100 elementor-top-column elementor-element elementor-element-780fe92c\" data-id=\"780fe92c\" data-element_type=\"column\" data-e-type=\"column\">\n\t\t\t<div class=\"elementor-widget-wrap elementor-element-populated\">\n\t\t\t\t\t\t<div class=\"elementor-element elementor-element-2d3052e6 elementor-widget elementor-widget-heading\" data-id=\"2d3052e6\" data-element_type=\"widget\" data-e-type=\"widget\" data-widget_type=\"heading.default\">\n\t\t\t\t<div class=\"elementor-widget-container\">\n\t\t\t\t\t<h2 class=\"elementor-heading-title elementor-size-default\">Ongevraagde aanvraag<\/h2>\t\t\t\t<\/div>\n\t\t\t\t<\/div>\n\t\t\t\t<div class=\"elementor-element elementor-element-5c1e246e elementor-widget elementor-widget-text-editor\" data-id=\"5c1e246e\" data-element_type=\"widget\" data-e-type=\"widget\" data-widget_type=\"text-editor.default\">\n\t\t\t\t<div class=\"elementor-widget-container\">\n\t\t\t\t\t\t\t\t\t<p>Als er geen vacatures zijn, kunt u een speculatieve sollicitatie indienen. We zijn blij om elke speculatieve aanvraag te ontvangen! Stuur uw sollicitatiedocumenten naar het volgende adres:<\/p><p><strong>Sch\u00fctzenhof Jever<br><\/strong>Stephan Eden<br>Sch\u00fctzenhofstra\u00dfe 47<br>26441 Jever<\/p>\t\t\t\t\t\t\t\t<\/div>\n\t\t\t\t<\/div>\n\t\t\t\t\t<\/div>\n\t\t<\/div>\n\t\t\t\t\t<\/div>\n\t\t<\/section>\n\t\t\t\t<\/div>\n\t\t","protected":false},"excerpt":{"rendered":"<p>Banen Wij zijn altijd op zoek naar gekwalificeerde, teamgerichte medewerkers. Samen kunnen we op lange termijn succesvol zijn en onze visie verwezenlijken. Wij zijn op zoek naar zowel ervaren professionals als stagiairs die hun professionele leven bij ons willen beginnen. Wonen en werken op de Sch\u00fctzenhof Wij blijven groeien en zijn altijd op zoek naar [&hellip;]<\/p>\n","protected":false},"author":3,"featured_media":5810,"parent":0,"menu_order":0,"comment_status":"closed","ping_status":"closed","template":"","meta":{"footnotes":""},"class_list":["post-3590","page","type-page","status-publish","has-post-thumbnail","hentry"],"yoast_head":"<!-- This site is optimized with the Yoast SEO Premium plugin v25.5 (Yoast SEO v27.3) - https:\/\/yoast.com\/product\/yoast-seo-premium-wordpress\/ -->\n<title>Banen - Sch\u00fctzenhof Jever<\/title>\n<meta name=\"description\" content=\"Wij zijn altijd op zoek naar gekwalificeerde, teamgerichte medewerkers. Samen kunnen we op lange termijn succesvol zijn en onze visie verwezenlijken.\" \/>\n<meta name=\"robots\" content=\"index, follow, max-snippet:-1, max-image-preview:large, max-video-preview:-1\" \/>\n<link rel=\"canonical\" href=\"https:\/\/www.schuetzenhof-jever.de\/nl\/banen\" \/>\n<meta property=\"og:locale\" content=\"nl_NL\" \/>\n<meta property=\"og:type\" content=\"article\" \/>\n<meta property=\"og:title\" content=\"Banen\" \/>\n<meta property=\"og:description\" content=\"Wij zijn altijd op zoek naar gekwalificeerde, teamgerichte medewerkers. Samen kunnen we op lange termijn succesvol zijn en onze visie verwezenlijken.\" \/>\n<meta property=\"og:url\" content=\"https:\/\/www.schuetzenhof-jever.de\/nl\/banen\" \/>\n<meta property=\"og:site_name\" content=\"Sch\u00fctzenhof Jever\" \/>\n<meta property=\"article:publisher\" content=\"https:\/\/de-de.facebook.com\/HOTELJEVER\/\" \/>\n<meta property=\"article:modified_time\" content=\"2023-12-19T10:00:36+00:00\" \/>\n<meta property=\"og:image\" content=\"https:\/\/www.schuetzenhof-jever.de\/wp-content\/uploads\/2023\/01\/P5I0589_8_7_6_5_4_3_HDR-projects.jpg\" \/>\n\t<meta property=\"og:image:width\" content=\"2400\" \/>\n\t<meta property=\"og:image:height\" content=\"1597\" \/>\n\t<meta property=\"og:image:type\" content=\"image\/jpeg\" \/>\n<meta name=\"twitter:card\" content=\"summary_large_image\" \/>\n<meta name=\"twitter:label1\" content=\"Geschatte leestijd\" \/>\n\t<meta name=\"twitter:data1\" content=\"2 minuten\" \/>\n<script type=\"application\/ld+json\" class=\"yoast-schema-graph\">{\"@context\":\"https:\\\/\\\/schema.org\",\"@graph\":[{\"@type\":\"WebPage\",\"@id\":\"https:\\\/\\\/www.schuetzenhof-jever.de\\\/nl\\\/banen\",\"url\":\"https:\\\/\\\/www.schuetzenhof-jever.de\\\/nl\\\/banen\",\"name\":\"Banen - Sch\u00fctzenhof Jever\",\"isPartOf\":{\"@id\":\"https:\\\/\\\/www.schuetzenhof-jever.de\\\/nl#website\"},\"primaryImageOfPage\":{\"@id\":\"https:\\\/\\\/www.schuetzenhof-jever.de\\\/nl\\\/banen#primaryimage\"},\"image\":{\"@id\":\"https:\\\/\\\/www.schuetzenhof-jever.de\\\/nl\\\/banen#primaryimage\"},\"thumbnailUrl\":\"https:\\\/\\\/www.schuetzenhof-jever.de\\\/wp-content\\\/uploads\\\/2023\\\/01\\\/P5I0589_8_7_6_5_4_3_HDR-projects.jpg\",\"datePublished\":\"2022-04-26T13:00:17+00:00\",\"dateModified\":\"2023-12-19T10:00:36+00:00\",\"description\":\"Wij zijn altijd op zoek naar gekwalificeerde, teamgerichte medewerkers. Samen kunnen we op lange termijn succesvol zijn en onze visie verwezenlijken.\",\"breadcrumb\":{\"@id\":\"https:\\\/\\\/www.schuetzenhof-jever.de\\\/nl\\\/banen#breadcrumb\"},\"inLanguage\":\"nl-NL\",\"potentialAction\":[{\"@type\":\"ReadAction\",\"target\":[\"https:\\\/\\\/www.schuetzenhof-jever.de\\\/nl\\\/banen\"]}]},{\"@type\":\"ImageObject\",\"inLanguage\":\"nl-NL\",\"@id\":\"https:\\\/\\\/www.schuetzenhof-jever.de\\\/nl\\\/banen#primaryimage\",\"url\":\"https:\\\/\\\/www.schuetzenhof-jever.de\\\/wp-content\\\/uploads\\\/2023\\\/01\\\/P5I0589_8_7_6_5_4_3_HDR-projects.jpg\",\"contentUrl\":\"https:\\\/\\\/www.schuetzenhof-jever.de\\\/wp-content\\\/uploads\\\/2023\\\/01\\\/P5I0589_8_7_6_5_4_3_HDR-projects.jpg\",\"width\":2400,\"height\":1597,\"caption\":\"Restaurant Hotel Sch\u00fctzenhof Jever Fr\u00fchst\u00fcck R\u00fchrei Nordsee\"},{\"@type\":\"BreadcrumbList\",\"@id\":\"https:\\\/\\\/www.schuetzenhof-jever.de\\\/nl\\\/banen#breadcrumb\",\"itemListElement\":[{\"@type\":\"ListItem\",\"position\":1,\"name\":\"Home\",\"item\":\"https:\\\/\\\/www.schuetzenhof-jever.de\\\/nl\"},{\"@type\":\"ListItem\",\"position\":2,\"name\":\"Banen\"}]},{\"@type\":\"WebSite\",\"@id\":\"https:\\\/\\\/www.schuetzenhof-jever.de\\\/nl#website\",\"url\":\"https:\\\/\\\/www.schuetzenhof-jever.de\\\/nl\",\"name\":\"Sch\u00fctzenhof Jever\",\"description\":\"\",\"publisher\":{\"@id\":\"https:\\\/\\\/www.schuetzenhof-jever.de\\\/nl#organization\"},\"potentialAction\":[{\"@type\":\"SearchAction\",\"target\":{\"@type\":\"EntryPoint\",\"urlTemplate\":\"https:\\\/\\\/www.schuetzenhof-jever.de\\\/nl?s={search_term_string}\"},\"query-input\":{\"@type\":\"PropertyValueSpecification\",\"valueRequired\":true,\"valueName\":\"search_term_string\"}}],\"inLanguage\":\"nl-NL\"},{\"@type\":\"Organization\",\"@id\":\"https:\\\/\\\/www.schuetzenhof-jever.de\\\/nl#organization\",\"name\":\"Sch\u00fctzenhof Jever\",\"url\":\"https:\\\/\\\/www.schuetzenhof-jever.de\\\/nl\",\"logo\":{\"@type\":\"ImageObject\",\"inLanguage\":\"nl-NL\",\"@id\":\"https:\\\/\\\/www.schuetzenhof-jever.de\\\/nl#\\\/schema\\\/logo\\\/image\\\/\",\"url\":\"https:\\\/\\\/www.schuetzenhof-jever.de\\\/wp-content\\\/uploads\\\/2022\\\/03\\\/220426_sh_Logo_curry.svg\",\"contentUrl\":\"https:\\\/\\\/www.schuetzenhof-jever.de\\\/wp-content\\\/uploads\\\/2022\\\/03\\\/220426_sh_Logo_curry.svg\",\"width\":184,\"height\":201,\"caption\":\"Sch\u00fctzenhof Jever\"},\"image\":{\"@id\":\"https:\\\/\\\/www.schuetzenhof-jever.de\\\/nl#\\\/schema\\\/logo\\\/image\\\/\"},\"sameAs\":[\"https:\\\/\\\/de-de.facebook.com\\\/HOTELJEVER\\\/\",\"https:\\\/\\\/www.instagram.com\\\/schuetzenhofjever\\\/?hl=de\"]}]}<\/script>\n<!-- \/ Yoast SEO Premium plugin. -->","yoast_head_json":{"title":"Banen - Sch\u00fctzenhof Jever","description":"Wij zijn altijd op zoek naar gekwalificeerde, teamgerichte medewerkers. Samen kunnen we op lange termijn succesvol zijn en onze visie verwezenlijken.","robots":{"index":"index","follow":"follow","max-snippet":"max-snippet:-1","max-image-preview":"max-image-preview:large","max-video-preview":"max-video-preview:-1"},"canonical":"https:\/\/www.schuetzenhof-jever.de\/nl\/banen","og_locale":"nl_NL","og_type":"article","og_title":"Banen","og_description":"Wij zijn altijd op zoek naar gekwalificeerde, teamgerichte medewerkers. Samen kunnen we op lange termijn succesvol zijn en onze visie verwezenlijken.","og_url":"https:\/\/www.schuetzenhof-jever.de\/nl\/banen","og_site_name":"Sch\u00fctzenhof Jever","article_publisher":"https:\/\/de-de.facebook.com\/HOTELJEVER\/","article_modified_time":"2023-12-19T10:00:36+00:00","og_image":[{"width":2400,"height":1597,"url":"https:\/\/www.schuetzenhof-jever.de\/wp-content\/uploads\/2023\/01\/P5I0589_8_7_6_5_4_3_HDR-projects.jpg","type":"image\/jpeg"}],"twitter_card":"summary_large_image","twitter_misc":{"Geschatte leestijd":"2 minuten"},"schema":{"@context":"https:\/\/schema.org","@graph":[{"@type":"WebPage","@id":"https:\/\/www.schuetzenhof-jever.de\/nl\/banen","url":"https:\/\/www.schuetzenhof-jever.de\/nl\/banen","name":"Banen - Sch\u00fctzenhof Jever","isPartOf":{"@id":"https:\/\/www.schuetzenhof-jever.de\/nl#website"},"primaryImageOfPage":{"@id":"https:\/\/www.schuetzenhof-jever.de\/nl\/banen#primaryimage"},"image":{"@id":"https:\/\/www.schuetzenhof-jever.de\/nl\/banen#primaryimage"},"thumbnailUrl":"https:\/\/www.schuetzenhof-jever.de\/wp-content\/uploads\/2023\/01\/P5I0589_8_7_6_5_4_3_HDR-projects.jpg","datePublished":"2022-04-26T13:00:17+00:00","dateModified":"2023-12-19T10:00:36+00:00","description":"Wij zijn altijd op zoek naar gekwalificeerde, teamgerichte medewerkers. Samen kunnen we op lange termijn succesvol zijn en onze visie verwezenlijken.","breadcrumb":{"@id":"https:\/\/www.schuetzenhof-jever.de\/nl\/banen#breadcrumb"},"inLanguage":"nl-NL","potentialAction":[{"@type":"ReadAction","target":["https:\/\/www.schuetzenhof-jever.de\/nl\/banen"]}]},{"@type":"ImageObject","inLanguage":"nl-NL","@id":"https:\/\/www.schuetzenhof-jever.de\/nl\/banen#primaryimage","url":"https:\/\/www.schuetzenhof-jever.de\/wp-content\/uploads\/2023\/01\/P5I0589_8_7_6_5_4_3_HDR-projects.jpg","contentUrl":"https:\/\/www.schuetzenhof-jever.de\/wp-content\/uploads\/2023\/01\/P5I0589_8_7_6_5_4_3_HDR-projects.jpg","width":2400,"height":1597,"caption":"Restaurant Hotel Sch\u00fctzenhof Jever Fr\u00fchst\u00fcck R\u00fchrei Nordsee"},{"@type":"BreadcrumbList","@id":"https:\/\/www.schuetzenhof-jever.de\/nl\/banen#breadcrumb","itemListElement":[{"@type":"ListItem","position":1,"name":"Home","item":"https:\/\/www.schuetzenhof-jever.de\/nl"},{"@type":"ListItem","position":2,"name":"Banen"}]},{"@type":"WebSite","@id":"https:\/\/www.schuetzenhof-jever.de\/nl#website","url":"https:\/\/www.schuetzenhof-jever.de\/nl","name":"Sch\u00fctzenhof Jever","description":"","publisher":{"@id":"https:\/\/www.schuetzenhof-jever.de\/nl#organization"},"potentialAction":[{"@type":"SearchAction","target":{"@type":"EntryPoint","urlTemplate":"https:\/\/www.schuetzenhof-jever.de\/nl?s={search_term_string}"},"query-input":{"@type":"PropertyValueSpecification","valueRequired":true,"valueName":"search_term_string"}}],"inLanguage":"nl-NL"},{"@type":"Organization","@id":"https:\/\/www.schuetzenhof-jever.de\/nl#organization","name":"Sch\u00fctzenhof Jever","url":"https:\/\/www.schuetzenhof-jever.de\/nl","logo":{"@type":"ImageObject","inLanguage":"nl-NL","@id":"https:\/\/www.schuetzenhof-jever.de\/nl#\/schema\/logo\/image\/","url":"https:\/\/www.schuetzenhof-jever.de\/wp-content\/uploads\/2022\/03\/220426_sh_Logo_curry.svg","contentUrl":"https:\/\/www.schuetzenhof-jever.de\/wp-content\/uploads\/2022\/03\/220426_sh_Logo_curry.svg","width":184,"height":201,"caption":"Sch\u00fctzenhof Jever"},"image":{"@id":"https:\/\/www.schuetzenhof-jever.de\/nl#\/schema\/logo\/image\/"},"sameAs":["https:\/\/de-de.facebook.com\/HOTELJEVER\/","https:\/\/www.instagram.com\/schuetzenhofjever\/?hl=de"]}]}},"_links":{"self":[{"href":"https:\/\/www.schuetzenhof-jever.de\/nl\/wp-json\/wp\/v2\/pages\/3590","targetHints":{"allow":["GET"]}}],"collection":[{"href":"https:\/\/www.schuetzenhof-jever.de\/nl\/wp-json\/wp\/v2\/pages"}],"about":[{"href":"https:\/\/www.schuetzenhof-jever.de\/nl\/wp-json\/wp\/v2\/types\/page"}],"author":[{"embeddable":true,"href":"https:\/\/www.schuetzenhof-jever.de\/nl\/wp-json\/wp\/v2\/users\/3"}],"replies":[{"embeddable":true,"href":"https:\/\/www.schuetzenhof-jever.de\/nl\/wp-json\/wp\/v2\/comments?post=3590"}],"version-history":[{"count":4,"href":"https:\/\/www.schuetzenhof-jever.de\/nl\/wp-json\/wp\/v2\/pages\/3590\/revisions"}],"predecessor-version":[{"id":3934,"href":"https:\/\/www.schuetzenhof-jever.de\/nl\/wp-json\/wp\/v2\/pages\/3590\/revisions\/3934"}],"wp:featuredmedia":[{"embeddable":true,"href":"https:\/\/www.schuetzenhof-jever.de\/nl\/wp-json\/wp\/v2\/media\/5810"}],"wp:attachment":[{"href":"https:\/\/www.schuetzenhof-jever.de\/nl\/wp-json\/wp\/v2\/media?parent=3590"}],"curies":[{"name":"wp","href":"https:\/\/api.w.org\/{rel}","templated":true}]}}