{"id":3604,"date":"2022-04-26T15:00:02","date_gmt":"2022-04-26T13:00:02","guid":{"rendered":"https:\/\/www.schuetzenhof-jever.de\/hygieneconcept"},"modified":"2023-12-19T11:28:20","modified_gmt":"2023-12-19T10:28:20","slug":"hygieneconcept","status":"publish","type":"page","link":"https:\/\/www.schuetzenhof-jever.de\/nl\/hygieneconcept","title":{"rendered":"Hygi\u00ebneconcept"},"content":{"rendered":"\t\t<div data-elementor-type=\"wp-page\" data-elementor-id=\"3604\" class=\"elementor elementor-3604 elementor-147\" data-elementor-post-type=\"page\">\n\t\t\t\t\t\t<section class=\"elementor-section elementor-top-section elementor-element elementor-element-8b99317 elementor-section-height-min-height elementor-section-items-stretch elementor-section-boxed elementor-section-height-default\" data-id=\"8b99317\" data-element_type=\"section\" data-e-type=\"section\">\n\t\t\t\t\t\t\t<div class=\"elementor-background-overlay\"><\/div>\n\t\t\t\t\t\t\t<div class=\"elementor-container elementor-column-gap-no\">\n\t\t\t\t\t<div class=\"elementor-column elementor-col-100 elementor-top-column elementor-element elementor-element-78858552\" data-id=\"78858552\" data-element_type=\"column\" data-e-type=\"column\" data-settings=\"{&quot;background_background&quot;:&quot;classic&quot;}\">\n\t\t\t<div class=\"elementor-widget-wrap elementor-element-populated\">\n\t\t\t\t\t<div class=\"elementor-background-overlay\"><\/div>\n\t\t\t\t\t\t<div class=\"elementor-element elementor-element-d1db0f5 elementor-widget elementor-widget-heading\" data-id=\"d1db0f5\" data-element_type=\"widget\" data-e-type=\"widget\" data-widget_type=\"heading.default\">\n\t\t\t\t<div class=\"elementor-widget-container\">\n\t\t\t\t\t<h1 class=\"elementor-heading-title elementor-size-default\">Ons hygi\u00ebneconcept<\/h1>\t\t\t\t<\/div>\n\t\t\t\t<\/div>\n\t\t\t\t\t<\/div>\n\t\t<\/div>\n\t\t\t\t\t<\/div>\n\t\t<\/section>\n\t\t\t\t<section class=\"elementor-section elementor-top-section elementor-element elementor-element-e2e180b elementor-section-boxed elementor-section-height-default elementor-section-height-default\" data-id=\"e2e180b\" data-element_type=\"section\" data-e-type=\"section\">\n\t\t\t\t\t\t<div class=\"elementor-container elementor-column-gap-default\">\n\t\t\t\t\t<div class=\"elementor-column elementor-col-100 elementor-top-column elementor-element elementor-element-23c9ef4\" data-id=\"23c9ef4\" data-element_type=\"column\" data-e-type=\"column\">\n\t\t\t<div class=\"elementor-widget-wrap elementor-element-populated\">\n\t\t\t\t\t\t<div class=\"elementor-element elementor-element-18b1c15 elementor-widget elementor-widget-spacer\" data-id=\"18b1c15\" data-element_type=\"widget\" data-e-type=\"widget\" data-widget_type=\"spacer.default\">\n\t\t\t\t<div class=\"elementor-widget-container\">\n\t\t\t\t\t\t\t<div class=\"elementor-spacer\">\n\t\t\t<div class=\"elementor-spacer-inner\"><\/div>\n\t\t<\/div>\n\t\t\t\t\t\t<\/div>\n\t\t\t\t<\/div>\n\t\t\t\t<div class=\"elementor-element elementor-element-968bd32 positivliste elementor-widget elementor-widget-text-editor\" data-id=\"968bd32\" data-element_type=\"widget\" data-e-type=\"widget\" data-widget_type=\"text-editor.default\">\n\t\t\t\t<div class=\"elementor-widget-container\">\n\t\t\t\t\t\t\t\t\t<h4>Hygi\u00ebneconcept Sch\u00fctzenhof Jever inclusief beschermingsmaatregelen tegen COVID-19<\/h4><p>Status mei 2020<\/p><p><b>Preambule<\/b><\/p><p>Om onze gasten en ons personeel te beschermen, heeft het Sch\u00fctzenhof een hygi\u00ebneconcept ontwikkeld. Dit hygi\u00ebneconcept moet op bindende wijze worden toegepast. Wij informeren onze gasten over onze maatregelen en gedragsregels voordat ze aankomen. De werknemers worden opgeleid in het hygi\u00ebneconcept. Wij zien erop toe dat onze gasten en onze werknemers onze beschermingsmaatregelen gebruiken en toepassen.<\/p><h4>Openbare verkeersruimten in het hotel<\/h4><p>Wij desinfecteren regelmatig transmissie-relevante oppervlakken in de volgende gebieden:<\/p><ul><li>Tafels in de lobby<\/li><li>Lift (bedieningspaneel)<\/li><li>Deurkrukken naar de opslagruimtes in de lobby<\/li><li>Openbare toiletten (indien open)<\/li><li>Wellnessruimte (indien geopend)<\/li><li>Leuningen in de trappenhuizen<\/li><\/ul><p><br>Details worden verstrekt in een controlelijst, waarin voor elke kalenderdag de exacte tijdstippen en intervallen voor deze ontsmettingen worden gespecificeerd. De tijdsintervallen zijn afhankelijk van de bezetting van het hotel, het tijdstip van de dag en de daaruit voortvloeiende frequentie van de gasten in de openbare ruimten.<\/p><p>Wij zien er principieel op toe dat alle gasten, werknemers en externe personen (handelaars, leveranciers, dienstverleners) een minimumafstand van 1,5 m tot het gebouw bewaren.<\/p><p>Wij zorgen ervoor dat alle gasten, medewerkers en externe personen bij aankomst in het hotel hun handen desinfecteren en een beschermingsmasker dragen.<\/p><p>Wij houden ons strikt aan de nies- en hoestetiquette (in de ellebogen) en communiceren dit indien nodig met ons personeel en onze gasten.<\/p><p>Gasten en personeel vermijden altijd direct handcontact in het hele hotel.<\/p><h4>Algemene gedragsregels voor alle werknemers<\/h4><ul><li>Bij aankomst in het hotel gaan de personeelsleden onmiddellijk naar de personeelskleedkamers, ruilen hun gewone kleren voor offici\u00eble uniformen en wassen hun handen grondig, inclusief ontsmetting, voordat zij met hun werk beginnen.<\/li><li>We zorgen ervoor dat we geen onnodige wandelingen door het hotel maken.<\/li><li>We nemen geen onnodige priv\u00e9 spullen mee naar de werkplek.<\/li><li>Alle werknemers dragen een beschermend masker op de openbare verkeerszones in het hotel. Beschermende maskers (van stof) worden eenmalig verstrekt. De werknemers zijn verantwoordelijk voor de juiste reiniging van de beschermingsmaskers.<\/li><li>Alle werknemers zorgen ervoor dat zij onder werktijd regelmatig hun handen grondig wassen.<\/li><li>Alle personeelsleden wassen en desinfecteren hun handen bij het begin van een pauze en aan het einde van een pauze.<\/li><li>Als de werknemers het hotel niet verlaten tijdens de pauze, moet de pauzeruimte worden gebruikt voor de pauze. De tafel in de pauzeruimte wordt aan het eind van de pauze schoongemaakt en gedesinfecteerd. Serviesgoed, glazen en andere voorwerpen mogen niet in de pauzeruimte worden achtergelaten.<\/li><li>De pauzeruimte mag door maximaal 3 werknemers tegelijk worden gebruikt. Om een maximale bezetting te garanderen, worden de pauzetijden voor alle personeelsleden dagelijks gepland en op het dienstrooster genoteerd.<\/li><li>Ziekmeldingen moeten zo spoedig mogelijk aan de directie worden doorgegeven (in geval van afwezigheid bij de receptie). De kennisgeving moet persoonlijk per telefoongesprek geschieden. Kennisgeving van ziekte mag niet per e-mail of sms (SMS, Whatsapp enz.) en is niet toegestaan.<\/li><li>Iedere werknemer draagt er zorg voor dat zijn of haar uniformen regelmatig en grondig worden gereinigd.<\/li><li>De kleedkamers worden dagelijks schoongemaakt en gedesinfecteerd.<\/li><li>De pauzeruimte wordt dagelijks schoongemaakt en gedesinfecteerd.<\/li><li>Voorwerpen en gereedschappen die door meerdere werknemers worden gebruikt, worden regelmatig gedesinfecteerd.<\/li><li>Het personeel vraagt de gasten beleefd om de hygi\u00ebneregels in het hotel te volgen.<\/li><\/ul><h4>Receptie<\/h4><ul><li>Wij beperken het gebruik van voorwerpen die vaak worden aangeraakt tot een minimum. Deze voorwerpen worden na gebruik gedesinfecteerd.<\/li><li>Alle brochures en ansichtkaarten zullen uit de ontvangsthal worden verwijderd. Brochures, ansichtkaarten en gedrukte informatie worden op verzoek individueel aan de gast overhandigd.<\/li><li>Elk personeelslid werkt met een pen. We maken een strikte scheiding tussen pennen die het personeel gebruikt en pennen die de gasten gebruiken.<\/li><li>Als gasten iets moeten ondertekenen of bevestigen, vragen we hen hun eigen pen te gebruiken. Als de gast geen eigen pen heeft om te tekenen, geven wij een pen uit de voorraad gastenpennen. De gebruikte pen wordt apart bewaard en gedesinfecteerd voor hergebruik.<\/li><li>Bij de receptie zal een spuugschild worden ge\u00efnstalleerd. Alle werkzaamheden moeten zodanig worden uitgevoerd dat de spuwbeschermer een doeltreffende bescherming biedt. Als een receptioniste deze effectieve ruimte verlaat, moet een gezichtsmasker worden gedragen.<\/li><li>Indien mogelijk werkt slechts \u00e9\u00e9n personeelslid tegelijk aan de receptie. Als er meer dan \u00e9\u00e9n personeelslid aan de balie werkt, zorgen wij ervoor dat de minimumafstand in acht wordt genomen.<\/li><li>Wij geven de voorkeur aan cashloze betalingsmogelijkheden. Contant geld wordt door de gast op een dienblad gelegd voordat we het accepteren. Op dezelfde manier leggen we wisselgeld op een dienblad voordat de gast het aanneemt.<\/li><li>Wij zorgen ervoor dat er voldoende afstand (1,5 m) tot de gasten is. Voor de receptie hebben wij gepaste afstandsmarkeringen voor gasten en mensen van buiten het etablissement.<\/li><li>Het personeel van de receptie is verantwoordelijk voor de desinfectie van de oppervlakken in de lobby.<\/li><li>De gasten worden verzocht de liften alleen per kamer of de trap te gebruiken. Het receptiepersoneel zorgt ervoor dat de gasten de lift alleen per kamer gebruiken. Infoblad<\/li><li>Op verzoek hebben wij bij de receptie beschermingsmaskers beschikbaar voor onze gasten.<\/li><li>Aan het einde van een dienst maken we het hele werkgebied grondig schoon, inclusief toetsenbord, muis, telefoon &#8230;.<\/li><\/ul><h4>Restaurant<\/h4><ul><li>De tafels hebben een minimale afstand van 1,5 m. We documenteren via kamer en tafelnummer welke gast aan welke tafel heeft gezeten.<\/li><li>De zitplaatsen in het restaurant worden uitsluitend toegewezen door het bedienend personeel. Dit geldt voor alle maaltijden, inclusief ontbijt.<\/li><li>Al het personeel in het restaurant draagt beschermende maskers.<\/li><li>Volledige handhygi\u00ebne is van het grootste belang in het restaurant.<\/li><li>Het ontbijtbuffet is weer mogelijk zonder bediening. Er is een eenrichtingsstraat, bij de ingang\/uitgang staat een desinfectieautomaat met het verzoek uw handen te desinfecteren.<\/li><li>Wij werken met gelamineerde menu&#8217;s voor eten en drinken en desinfecteren ze na gebruik.<\/li><li>Als het aantal gasten groot genoeg is (het aantal gasten is groter dan het aantal plaatsen), worden ontbijt en halfpension aangeboden in verschillende sessies De receptie zorgt voor de verdeling van de gasten over de sessies.<\/li><li>Menu&#8217;s\/maaltijden in het kader van een arrangement kunnen niet met de dag worden verschoven.<\/li><li>We bieden onze gasten alleen papieren servetten aan.<\/li><li>Alle tafels moeten na elk gebruik worden gereinigd en gedesinfecteerd.<\/li><li>Alle tafels die bezet kunnen worden, worden gedekt met bestek en papieren borden.<\/li><li>Tafeldecoraties blijven achterwege.<\/li><li>De tafels zijn gedekt met wegwerphandschoenen.<\/li><li>Uit principe raken we de garderobes van onze gasten niet aan. Indien jassen, mantels, paraplu&#8217;s en hoeden moeten worden opgeborgen, wijzen wij onze gasten beleefd op de locatie van de garderobe.<\/li><li>Om hygi\u00ebnische redenen zullen wij tot nader order de tafels niet met bloemen versieren.<\/li><li>Op verzoek serveren wij individueel verpakte peper- en zoutzakjes.<\/li><li>Het kassa-oppervlak moet tijdens de diensttijd regelmatig worden gedesinfecteerd.<\/li><li>Gedeelde uitrusting moet regelmatig en ten minste na elke dienst worden gereinigd en gedesinfecteerd.<\/li><li>Geleverde goederen moeten door de werknemers worden opgeborgen<\/li><\/ul><h4>Keuken<\/h4><ul><li>De posten moeten zo worden opgesteld dat de minimumafstand van 1,5 m tussen alle werknemers wordt gehandhaafd. Per ploeg wordt \u00e9\u00e9n werknemer aangewezen om de geleverde goederen op te bergen.<\/li><li>Verwijdering uit de functie wordt tot een minimum beperkt.<\/li><li>Elke werknemer in de keuken en de bijkeuken draagt wegwerphandschoenen en een koksmuts\/ondermuts tijdens het werk.<\/li><li>Netheid en orde zijn van het grootste belang. Oppervlakken en gemeenschappelijke apparatuur moeten na elke dienst worden gereinigd en gedesinfecteerd.<\/li><li>Leveranciers en vertegenwoordigers mogen de keuken niet betreden. Leveranciers moeten de goederen altijd op de plaats van levering in ontvangst nemen.<\/li><\/ul><h4>Housekeeping<\/h4><ul><li>Alle werknemers dragen tijdens het werk een beschermingsmasker en wegwerphandschoenen.<\/li><li>Elke kamer moet schoongemaakt worden met nieuwe lappen en doekjes.<\/li><li>Alle brochures, drukwerk, boeken en gastenbenodigdheden worden uit de kamers verwijderd. De afstandsbediening wordt in krimpfolie verpakt en dagelijks gedesinfecteerd.<\/li><li>Loden schoonmaak&#8221; wordt zoveel mogelijk vermeden om contact tussen gasten en personeel en met de bezittingen van gasten en personeel grotendeels te vermijden. Schoonmaak tussen aankomst en vertrek vindt alleen plaats op uitdrukkelijk verzoek van de gast. Verzoeken om &#8220;schoonmaak van de kamer&#8221; worden geco\u00f6rdineerd door de receptie.<\/li><li>De drankjes in de kamers worden dagelijks bijgevuld. Ongebruikte drankjes worden na vertrek gedesinfecteerd.<\/li><li>Verloren voorwerpen moeten goed worden opgeborgen. De verloren voorwerpen zijn verpakt in zakken en dicht geniet. Aan de buitenkant is een briefje geniet, waarop de datum van ontdekking, de plaats van ontdekking en de inhoud van de tas leesbaar zijn genoteerd. Housekeeping is verantwoordelijk voor naleving en uitvoering.<\/li><\/ul><h4>Wellness\/Zwembad<\/h4><ul><li>Het zwembad is dagelijks geopend van 06:30 &#8211; 22:00 uur.<\/li><li>Menigten moeten vermeden worden.<\/li><li>Alleen max. 4 mensen zijn in het water.<\/li><li>In het water moet er een minimumafstand van 1,5 m zijn.<\/li><li>De sauna is weer open.<\/li><li>Er mogen maximaal 3 personen in de Finse sauna.<\/li><li>Er moet een minimumafstand van 1,5 m worden aangehouden.<\/li><li>Aanmelding voor saunagebruik is vooraf verplicht. Dit gebeurt via de receptie.<\/li><li>Het kamernummer, de datum, het tijdstip van binnenkomst en het tijdstip van vertrek worden door de receptie schriftelijk vastgelegd.<\/li><li>Het gebruik per gast is vastgesteld op 2 uur.<\/li><li>Na gebruik wordt de sauna (deurklinken, banken) door ons gedesinfecteerd.<\/li><li>Slechts maximaal 2 personen zijn toegestaan in de respectievelijke kleedkamers.<\/li><li>Er moet een minimumafstand van 1,5 m worden aangehouden.<\/li><li>Na gebruik worden de douchegarnituren door ons gedesinfecteerd.<\/li><li>De stoomsauna blijft tot nader order gesloten.<\/li><li>Wellness-afspraken moeten ten minste 48 uur voor de afspraak bindend worden geboekt. De bepalingen van de geldende Coronabeschermingsverordening voor Nedersaksen moeten op bindende wijze ten uitvoer worden gelegd.<\/li><li>Orde en netheid hebben de hoogste prioriteit. Al het gedrukte materiaal is verwijderd.<\/li><li>Niet voor de behandeling noodzakelijke voorwerpen worden uit de behandelingsruimten verwijderd en in kasten opgeborgen. Na elke behandeling moet het oppervlak grondig worden gedesinfecteerd.<\/li><li>De rustbanken worden na gebruik toegewezen en gedesinfecteerd.<\/li><\/ul>\t\t\t\t\t\t\t\t<\/div>\n\t\t\t\t<\/div>\n\t\t\t\t\t<\/div>\n\t\t<\/div>\n\t\t\t\t\t<\/div>\n\t\t<\/section>\n\t\t\t\t<\/div>\n\t\t","protected":false},"excerpt":{"rendered":"<p>Ons hygi\u00ebneconcept Hygi\u00ebneconcept Sch\u00fctzenhof Jever inclusief beschermingsmaatregelen tegen COVID-19 Status mei 2020 Preambule Om onze gasten en ons personeel te beschermen, heeft het Sch\u00fctzenhof een hygi\u00ebneconcept ontwikkeld. Dit hygi\u00ebneconcept moet op bindende wijze worden toegepast. Wij informeren onze gasten over onze maatregelen en gedragsregels voordat ze aankomen. De werknemers worden opgeleid in het hygi\u00ebneconcept. Wij [&hellip;]<\/p>\n","protected":false},"author":3,"featured_media":3134,"parent":0,"menu_order":0,"comment_status":"closed","ping_status":"closed","template":"","meta":{"footnotes":""},"class_list":["post-3604","page","type-page","status-publish","has-post-thumbnail","hentry"],"yoast_head":"<!-- This site is optimized with the Yoast SEO Premium plugin v25.5 (Yoast SEO v27.3) - https:\/\/yoast.com\/product\/yoast-seo-premium-wordpress\/ -->\n<title>Hygi\u00ebneconcept - Sch\u00fctzenhof Jever<\/title>\n<meta name=\"description\" content=\"Om onze gasten en medewerkers te beschermen, hebben we een hygi\u00ebneconcept ontwikkeld dat beschermende maatregelen tegen COVID-19 omvat.\" \/>\n<meta name=\"robots\" content=\"index, follow, max-snippet:-1, max-image-preview:large, max-video-preview:-1\" \/>\n<link rel=\"canonical\" href=\"https:\/\/www.schuetzenhof-jever.de\/nl\/hygieneconcept\" \/>\n<meta property=\"og:locale\" content=\"nl_NL\" \/>\n<meta property=\"og:type\" content=\"article\" \/>\n<meta property=\"og:title\" content=\"Hygi\u00ebneconcept\" \/>\n<meta property=\"og:description\" content=\"Om onze gasten en medewerkers te beschermen, hebben we een hygi\u00ebneconcept ontwikkeld dat beschermende maatregelen tegen COVID-19 omvat.\" \/>\n<meta property=\"og:url\" content=\"https:\/\/www.schuetzenhof-jever.de\/nl\/hygieneconcept\" \/>\n<meta property=\"og:site_name\" content=\"Sch\u00fctzenhof Jever\" \/>\n<meta property=\"article:publisher\" content=\"https:\/\/de-de.facebook.com\/HOTELJEVER\/\" \/>\n<meta property=\"article:modified_time\" content=\"2023-12-19T10:28:20+00:00\" \/>\n<meta property=\"og:image\" content=\"https:\/\/www.schuetzenhof-jever.de\/wp-content\/uploads\/2022\/05\/2077_Auf_dem_Wochenmarkt_in_Leer_1024.jpg\" \/>\n\t<meta property=\"og:image:width\" content=\"1024\" \/>\n\t<meta property=\"og:image:height\" content=\"678\" \/>\n\t<meta property=\"og:image:type\" content=\"image\/jpeg\" \/>\n<meta name=\"twitter:card\" content=\"summary_large_image\" \/>\n<meta name=\"twitter:label1\" content=\"Geschatte leestijd\" \/>\n\t<meta name=\"twitter:data1\" content=\"8 minuten\" \/>\n<script type=\"application\/ld+json\" class=\"yoast-schema-graph\">{\"@context\":\"https:\\\/\\\/schema.org\",\"@graph\":[{\"@type\":\"WebPage\",\"@id\":\"https:\\\/\\\/www.schuetzenhof-jever.de\\\/nl\\\/hygieneconcept\",\"url\":\"https:\\\/\\\/www.schuetzenhof-jever.de\\\/nl\\\/hygieneconcept\",\"name\":\"Hygi\u00ebneconcept - Sch\u00fctzenhof Jever\",\"isPartOf\":{\"@id\":\"https:\\\/\\\/www.schuetzenhof-jever.de\\\/nl#website\"},\"primaryImageOfPage\":{\"@id\":\"https:\\\/\\\/www.schuetzenhof-jever.de\\\/nl\\\/hygieneconcept#primaryimage\"},\"image\":{\"@id\":\"https:\\\/\\\/www.schuetzenhof-jever.de\\\/nl\\\/hygieneconcept#primaryimage\"},\"thumbnailUrl\":\"https:\\\/\\\/www.schuetzenhof-jever.de\\\/wp-content\\\/uploads\\\/2022\\\/05\\\/2077_Auf_dem_Wochenmarkt_in_Leer_1024.jpg\",\"datePublished\":\"2022-04-26T13:00:02+00:00\",\"dateModified\":\"2023-12-19T10:28:20+00:00\",\"description\":\"Om onze gasten en medewerkers te beschermen, hebben we een hygi\u00ebneconcept ontwikkeld dat beschermende maatregelen tegen COVID-19 omvat.\",\"breadcrumb\":{\"@id\":\"https:\\\/\\\/www.schuetzenhof-jever.de\\\/nl\\\/hygieneconcept#breadcrumb\"},\"inLanguage\":\"nl-NL\",\"potentialAction\":[{\"@type\":\"ReadAction\",\"target\":[\"https:\\\/\\\/www.schuetzenhof-jever.de\\\/nl\\\/hygieneconcept\"]}]},{\"@type\":\"ImageObject\",\"inLanguage\":\"nl-NL\",\"@id\":\"https:\\\/\\\/www.schuetzenhof-jever.de\\\/nl\\\/hygieneconcept#primaryimage\",\"url\":\"https:\\\/\\\/www.schuetzenhof-jever.de\\\/wp-content\\\/uploads\\\/2022\\\/05\\\/2077_Auf_dem_Wochenmarkt_in_Leer_1024.jpg\",\"contentUrl\":\"https:\\\/\\\/www.schuetzenhof-jever.de\\\/wp-content\\\/uploads\\\/2022\\\/05\\\/2077_Auf_dem_Wochenmarkt_in_Leer_1024.jpg\",\"width\":1024,\"height\":678},{\"@type\":\"BreadcrumbList\",\"@id\":\"https:\\\/\\\/www.schuetzenhof-jever.de\\\/nl\\\/hygieneconcept#breadcrumb\",\"itemListElement\":[{\"@type\":\"ListItem\",\"position\":1,\"name\":\"Home\",\"item\":\"https:\\\/\\\/www.schuetzenhof-jever.de\\\/nl\"},{\"@type\":\"ListItem\",\"position\":2,\"name\":\"Hygi\u00ebneconcept\"}]},{\"@type\":\"WebSite\",\"@id\":\"https:\\\/\\\/www.schuetzenhof-jever.de\\\/nl#website\",\"url\":\"https:\\\/\\\/www.schuetzenhof-jever.de\\\/nl\",\"name\":\"Sch\u00fctzenhof Jever\",\"description\":\"\",\"publisher\":{\"@id\":\"https:\\\/\\\/www.schuetzenhof-jever.de\\\/nl#organization\"},\"potentialAction\":[{\"@type\":\"SearchAction\",\"target\":{\"@type\":\"EntryPoint\",\"urlTemplate\":\"https:\\\/\\\/www.schuetzenhof-jever.de\\\/nl?s={search_term_string}\"},\"query-input\":{\"@type\":\"PropertyValueSpecification\",\"valueRequired\":true,\"valueName\":\"search_term_string\"}}],\"inLanguage\":\"nl-NL\"},{\"@type\":\"Organization\",\"@id\":\"https:\\\/\\\/www.schuetzenhof-jever.de\\\/nl#organization\",\"name\":\"Sch\u00fctzenhof Jever\",\"url\":\"https:\\\/\\\/www.schuetzenhof-jever.de\\\/nl\",\"logo\":{\"@type\":\"ImageObject\",\"inLanguage\":\"nl-NL\",\"@id\":\"https:\\\/\\\/www.schuetzenhof-jever.de\\\/nl#\\\/schema\\\/logo\\\/image\\\/\",\"url\":\"https:\\\/\\\/www.schuetzenhof-jever.de\\\/wp-content\\\/uploads\\\/2022\\\/03\\\/220426_sh_Logo_curry.svg\",\"contentUrl\":\"https:\\\/\\\/www.schuetzenhof-jever.de\\\/wp-content\\\/uploads\\\/2022\\\/03\\\/220426_sh_Logo_curry.svg\",\"width\":184,\"height\":201,\"caption\":\"Sch\u00fctzenhof Jever\"},\"image\":{\"@id\":\"https:\\\/\\\/www.schuetzenhof-jever.de\\\/nl#\\\/schema\\\/logo\\\/image\\\/\"},\"sameAs\":[\"https:\\\/\\\/de-de.facebook.com\\\/HOTELJEVER\\\/\",\"https:\\\/\\\/www.instagram.com\\\/schuetzenhofjever\\\/?hl=de\"]}]}<\/script>\n<!-- \/ Yoast SEO Premium plugin. -->","yoast_head_json":{"title":"Hygi\u00ebneconcept - Sch\u00fctzenhof Jever","description":"Om onze gasten en medewerkers te beschermen, hebben we een hygi\u00ebneconcept ontwikkeld dat beschermende maatregelen tegen COVID-19 omvat.","robots":{"index":"index","follow":"follow","max-snippet":"max-snippet:-1","max-image-preview":"max-image-preview:large","max-video-preview":"max-video-preview:-1"},"canonical":"https:\/\/www.schuetzenhof-jever.de\/nl\/hygieneconcept","og_locale":"nl_NL","og_type":"article","og_title":"Hygi\u00ebneconcept","og_description":"Om onze gasten en medewerkers te beschermen, hebben we een hygi\u00ebneconcept ontwikkeld dat beschermende maatregelen tegen COVID-19 omvat.","og_url":"https:\/\/www.schuetzenhof-jever.de\/nl\/hygieneconcept","og_site_name":"Sch\u00fctzenhof Jever","article_publisher":"https:\/\/de-de.facebook.com\/HOTELJEVER\/","article_modified_time":"2023-12-19T10:28:20+00:00","og_image":[{"width":1024,"height":678,"url":"https:\/\/www.schuetzenhof-jever.de\/wp-content\/uploads\/2022\/05\/2077_Auf_dem_Wochenmarkt_in_Leer_1024.jpg","type":"image\/jpeg"}],"twitter_card":"summary_large_image","twitter_misc":{"Geschatte leestijd":"8 minuten"},"schema":{"@context":"https:\/\/schema.org","@graph":[{"@type":"WebPage","@id":"https:\/\/www.schuetzenhof-jever.de\/nl\/hygieneconcept","url":"https:\/\/www.schuetzenhof-jever.de\/nl\/hygieneconcept","name":"Hygi\u00ebneconcept - Sch\u00fctzenhof Jever","isPartOf":{"@id":"https:\/\/www.schuetzenhof-jever.de\/nl#website"},"primaryImageOfPage":{"@id":"https:\/\/www.schuetzenhof-jever.de\/nl\/hygieneconcept#primaryimage"},"image":{"@id":"https:\/\/www.schuetzenhof-jever.de\/nl\/hygieneconcept#primaryimage"},"thumbnailUrl":"https:\/\/www.schuetzenhof-jever.de\/wp-content\/uploads\/2022\/05\/2077_Auf_dem_Wochenmarkt_in_Leer_1024.jpg","datePublished":"2022-04-26T13:00:02+00:00","dateModified":"2023-12-19T10:28:20+00:00","description":"Om onze gasten en medewerkers te beschermen, hebben we een hygi\u00ebneconcept ontwikkeld dat beschermende maatregelen tegen COVID-19 omvat.","breadcrumb":{"@id":"https:\/\/www.schuetzenhof-jever.de\/nl\/hygieneconcept#breadcrumb"},"inLanguage":"nl-NL","potentialAction":[{"@type":"ReadAction","target":["https:\/\/www.schuetzenhof-jever.de\/nl\/hygieneconcept"]}]},{"@type":"ImageObject","inLanguage":"nl-NL","@id":"https:\/\/www.schuetzenhof-jever.de\/nl\/hygieneconcept#primaryimage","url":"https:\/\/www.schuetzenhof-jever.de\/wp-content\/uploads\/2022\/05\/2077_Auf_dem_Wochenmarkt_in_Leer_1024.jpg","contentUrl":"https:\/\/www.schuetzenhof-jever.de\/wp-content\/uploads\/2022\/05\/2077_Auf_dem_Wochenmarkt_in_Leer_1024.jpg","width":1024,"height":678},{"@type":"BreadcrumbList","@id":"https:\/\/www.schuetzenhof-jever.de\/nl\/hygieneconcept#breadcrumb","itemListElement":[{"@type":"ListItem","position":1,"name":"Home","item":"https:\/\/www.schuetzenhof-jever.de\/nl"},{"@type":"ListItem","position":2,"name":"Hygi\u00ebneconcept"}]},{"@type":"WebSite","@id":"https:\/\/www.schuetzenhof-jever.de\/nl#website","url":"https:\/\/www.schuetzenhof-jever.de\/nl","name":"Sch\u00fctzenhof Jever","description":"","publisher":{"@id":"https:\/\/www.schuetzenhof-jever.de\/nl#organization"},"potentialAction":[{"@type":"SearchAction","target":{"@type":"EntryPoint","urlTemplate":"https:\/\/www.schuetzenhof-jever.de\/nl?s={search_term_string}"},"query-input":{"@type":"PropertyValueSpecification","valueRequired":true,"valueName":"search_term_string"}}],"inLanguage":"nl-NL"},{"@type":"Organization","@id":"https:\/\/www.schuetzenhof-jever.de\/nl#organization","name":"Sch\u00fctzenhof Jever","url":"https:\/\/www.schuetzenhof-jever.de\/nl","logo":{"@type":"ImageObject","inLanguage":"nl-NL","@id":"https:\/\/www.schuetzenhof-jever.de\/nl#\/schema\/logo\/image\/","url":"https:\/\/www.schuetzenhof-jever.de\/wp-content\/uploads\/2022\/03\/220426_sh_Logo_curry.svg","contentUrl":"https:\/\/www.schuetzenhof-jever.de\/wp-content\/uploads\/2022\/03\/220426_sh_Logo_curry.svg","width":184,"height":201,"caption":"Sch\u00fctzenhof Jever"},"image":{"@id":"https:\/\/www.schuetzenhof-jever.de\/nl#\/schema\/logo\/image\/"},"sameAs":["https:\/\/de-de.facebook.com\/HOTELJEVER\/","https:\/\/www.instagram.com\/schuetzenhofjever\/?hl=de"]}]}},"_links":{"self":[{"href":"https:\/\/www.schuetzenhof-jever.de\/nl\/wp-json\/wp\/v2\/pages\/3604","targetHints":{"allow":["GET"]}}],"collection":[{"href":"https:\/\/www.schuetzenhof-jever.de\/nl\/wp-json\/wp\/v2\/pages"}],"about":[{"href":"https:\/\/www.schuetzenhof-jever.de\/nl\/wp-json\/wp\/v2\/types\/page"}],"author":[{"embeddable":true,"href":"https:\/\/www.schuetzenhof-jever.de\/nl\/wp-json\/wp\/v2\/users\/3"}],"replies":[{"embeddable":true,"href":"https:\/\/www.schuetzenhof-jever.de\/nl\/wp-json\/wp\/v2\/comments?post=3604"}],"version-history":[{"count":11,"href":"https:\/\/www.schuetzenhof-jever.de\/nl\/wp-json\/wp\/v2\/pages\/3604\/revisions"}],"predecessor-version":[{"id":6320,"href":"https:\/\/www.schuetzenhof-jever.de\/nl\/wp-json\/wp\/v2\/pages\/3604\/revisions\/6320"}],"wp:featuredmedia":[{"embeddable":true,"href":"https:\/\/www.schuetzenhof-jever.de\/nl\/wp-json\/wp\/v2\/media\/3134"}],"wp:attachment":[{"href":"https:\/\/www.schuetzenhof-jever.de\/nl\/wp-json\/wp\/v2\/media?parent=3604"}],"curies":[{"name":"wp","href":"https:\/\/api.w.org\/{rel}","templated":true}]}}